{"id":158,"date":"2024-03-13T14:12:03","date_gmt":"2024-03-13T13:12:03","guid":{"rendered":"http:\/\/dansear.cluster030.hosting.ovh.net\/?page_id=158"},"modified":"2026-04-13T15:24:29","modified_gmt":"2026-04-13T13:24:29","slug":"tarif-seance-equi-coaching","status":"publish","type":"page","link":"https:\/\/claudelheureux.com\/index.php\/tarif-seance-equi-coaching\/","title":{"rendered":"Tarif s\u00e9ance  Equi-coaching"},"content":{"rendered":"\t\t<div data-elementor-type=\"wp-page\" data-elementor-id=\"158\" class=\"elementor elementor-158\" data-elementor-settings=\"{&quot;ha_cmc_init_switcher&quot;:&quot;no&quot;}\">\n\t\t\t\t<div class=\"elementor-element elementor-element-c244c76 e-con-full e-flex wpr-particle-no wpr-jarallax-no wpr-parallax-no wpr-sticky-section-no wpr-equal-height-no e-con e-parent\" data-id=\"c244c76\" data-element_type=\"container\" data-e-type=\"container\" data-settings=\"{&quot;background_background&quot;:&quot;classic&quot;,&quot;_ha_eqh_enable&quot;:false}\">\n\t\t\t\t<\/div>\n\t\t<div class=\"elementor-element elementor-element-96a220c e-flex e-con-boxed wpr-particle-no wpr-jarallax-no wpr-parallax-no wpr-sticky-section-no wpr-equal-height-no e-con e-parent\" data-id=\"96a220c\" data-element_type=\"container\" data-e-type=\"container\" data-settings=\"{&quot;_ha_eqh_enable&quot;:false}\">\n\t\t\t\t\t<div class=\"e-con-inner\">\n\t\t\t\t<div class=\"elementor-element elementor-element-beff4f5 elementor-widget elementor-widget-heading\" data-id=\"beff4f5\" data-element_type=\"widget\" data-e-type=\"widget\" data-widget_type=\"heading.default\">\n\t\t\t\t<div class=\"elementor-widget-container\">\n\t\t\t\t\t<h2 class=\"elementor-heading-title elementor-size-default\">Tarifs et services\n<\/h2>\t\t\t\t<\/div>\n\t\t\t\t<\/div>\n\t\t\t\t\t<\/div>\n\t\t\t\t<\/div>\n\t\t<div class=\"elementor-element elementor-element-4a527af e-flex e-con-boxed wpr-particle-no wpr-jarallax-no wpr-parallax-no wpr-sticky-section-no wpr-equal-height-no e-con e-parent\" data-id=\"4a527af\" data-element_type=\"container\" data-e-type=\"container\" data-settings=\"{&quot;_ha_eqh_enable&quot;:false}\">\n\t\t\t\t\t<div class=\"e-con-inner\">\n\t\t\t\t<div class=\"elementor-element elementor-element-bd069d7 elementor-widget-divider--view-line elementor-widget elementor-widget-divider\" data-id=\"bd069d7\" data-element_type=\"widget\" data-e-type=\"widget\" data-widget_type=\"divider.default\">\n\t\t\t\t<div class=\"elementor-widget-container\">\n\t\t\t\t\t\t\t<div class=\"elementor-divider\">\n\t\t\t<span class=\"elementor-divider-separator\">\n\t\t\t\t\t\t<\/span>\n\t\t<\/div>\n\t\t\t\t\t\t<\/div>\n\t\t\t\t<\/div>\n\t\t\t\t<div class=\"elementor-element elementor-element-d898064 elementor-widget elementor-widget-heading\" data-id=\"d898064\" data-element_type=\"widget\" data-e-type=\"widget\" data-widget_type=\"heading.default\">\n\t\t\t\t<div class=\"elementor-widget-container\">\n\t\t\t\t\t<h2 class=\"elementor-heading-title elementor-size-default\">Tarifs formation en Equicoaching<\/h2>\t\t\t\t<\/div>\n\t\t\t\t<\/div>\n\t\t\t\t<div class=\"elementor-element elementor-element-51741b0 elementor-widget elementor-widget-shortcode\" data-id=\"51741b0\" data-element_type=\"widget\" data-e-type=\"widget\" data-widget_type=\"shortcode.default\">\n\t\t\t\t<div class=\"elementor-widget-container\">\n\t\t\t\t\t\t\t<div class=\"elementor-shortcode\">\n<table id=\"tablepress-3\" class=\"tablepress tablepress-id-3\">\n<thead>\n<tr class=\"row-1\">\n\t<th colspan=\"3\" class=\"column-1\"><center>Le tarif est de 2900\u20ac par module et par personne<\/th>\n<\/tr>\n<\/thead>\n<tbody class=\"row-striping row-hover\">\n<tr class=\"row-2\">\n\t<td class=\"column-1\">3 modules<\/td><td class=\"column-2\">5 jours<\/td><td class=\"column-3\">14500 \u20ac<\/td>\n<\/tr>\n<tr class=\"row-3\">\n\t<td class=\"column-1\">3 modules<\/td><td class=\"column-2\">3 jours<\/td><td class=\"column-3\">8700\u20ac<\/td>\n<\/tr>\n<tr class=\"row-4\">\n\t<td class=\"column-1\">6 modules<\/td><td class=\"column-2\">5 jours<\/td><td class=\"column-3\">17400\u20ac *<\/td>\n<\/tr>\n<\/tbody>\n<\/table>\n<!-- #tablepress-3 from cache --><\/div>\n\t\t\t\t\t\t<\/div>\n\t\t\t\t<\/div>\n\t\t\t\t<div class=\"elementor-element elementor-element-a60ac0b elementor-widget elementor-widget-text-editor\" data-id=\"a60ac0b\" data-element_type=\"widget\" data-e-type=\"widget\" data-widget_type=\"text-editor.default\">\n\t\t\t\t<div class=\"elementor-widget-container\">\n\t\t\t\t\t\t\t\t\t<p>* 6 modules : nous contacter pour plus de d&rsquo;informations.<\/p>\t\t\t\t\t\t\t\t<\/div>\n\t\t\t\t<\/div>\n\t\t\t\t<div class=\"elementor-element elementor-element-54af69a elementor-widget elementor-widget-text-editor\" data-id=\"54af69a\" data-element_type=\"widget\" data-e-type=\"widget\" data-widget_type=\"text-editor.default\">\n\t\t\t\t<div class=\"elementor-widget-container\">\n\t\t\t\t\t\t\t\t\t<ul><li>Entreprises : nous consulter pour devis.<\/li><li>Centres Equestres\u00a0: nous consulter pour devis.<\/li><li><strong>Pour garantir une bonne organisation, toute s\u00e9ance non d\u00e9command\u00e9e 24h \u00e0 l\u2019avance sera due.<\/strong><\/li><\/ul>\t\t\t\t\t\t\t\t<\/div>\n\t\t\t\t<\/div>\n\t\t\t\t\t<\/div>\n\t\t\t\t<\/div>\n\t\t<div class=\"elementor-element elementor-element-65649f2 e-flex e-con-boxed wpr-particle-no wpr-jarallax-no wpr-parallax-no wpr-sticky-section-no wpr-equal-height-no e-con e-parent\" data-id=\"65649f2\" data-element_type=\"container\" data-e-type=\"container\" data-settings=\"{&quot;_ha_eqh_enable&quot;:false}\">\n\t\t\t\t\t<div class=\"e-con-inner\">\n\t\t\t\t<div class=\"elementor-element elementor-element-4e4e6d5 elementor-widget-divider--view-line elementor-widget elementor-widget-divider\" data-id=\"4e4e6d5\" data-element_type=\"widget\" data-e-type=\"widget\" data-widget_type=\"divider.default\">\n\t\t\t\t<div class=\"elementor-widget-container\">\n\t\t\t\t\t\t\t<div class=\"elementor-divider\">\n\t\t\t<span class=\"elementor-divider-separator\">\n\t\t\t\t\t\t<\/span>\n\t\t<\/div>\n\t\t\t\t\t\t<\/div>\n\t\t\t\t<\/div>\n\t\t\t\t<div class=\"elementor-element elementor-element-f22df6a elementor-widget elementor-widget-heading\" data-id=\"f22df6a\" data-element_type=\"widget\" data-e-type=\"widget\" data-widget_type=\"heading.default\">\n\t\t\t\t<div class=\"elementor-widget-container\">\n\t\t\t\t\t<h2 class=\"elementor-heading-title elementor-size-default\">Tarifs sur place<\/h2>\t\t\t\t<\/div>\n\t\t\t\t<\/div>\n\t\t\t\t\t<\/div>\n\t\t\t\t<\/div>\n\t\t<div class=\"elementor-element elementor-element-cfc144e e-flex e-con-boxed wpr-particle-no wpr-jarallax-no wpr-parallax-no wpr-sticky-section-no wpr-equal-height-no e-con e-parent\" data-id=\"cfc144e\" data-element_type=\"container\" data-e-type=\"container\" data-settings=\"{&quot;_ha_eqh_enable&quot;:false}\">\n\t\t\t\t\t<div class=\"e-con-inner\">\n\t\t\t\t<div class=\"elementor-element elementor-element-cb8df3d elementor-widget elementor-widget-shortcode\" data-id=\"cb8df3d\" data-element_type=\"widget\" data-e-type=\"widget\" data-widget_type=\"shortcode.default\">\n\t\t\t\t<div class=\"elementor-widget-container\">\n\t\t\t\t\t\t\t<div class=\"elementor-shortcode\">\n<table id=\"tablepress-1\" class=\"tablepress tablepress-id-1\">\n<thead>\n<tr class=\"row-1\">\n\t<th class=\"column-1\">Dur\u00e9e<\/th><th class=\"column-2\"><center>S\u00e9ances individuelles<\/th><th class=\"column-3\"><center>S\u00e9ances partag\u00e9es 2 personnes<\/th>\n<\/tr>\n<\/thead>\n<tbody class=\"row-striping row-hover\">\n<tr class=\"row-2\">\n\t<td class=\"column-1\">1h30<\/td><td class=\"column-2\"><center>100\u20ac<\/td><td class=\"column-3\"><center>\u2013<\/td>\n<\/tr>\n<tr class=\"row-3\">\n\t<td class=\"column-1\">2h<\/td><td class=\"column-2\"><center>150\u20ac<\/td><td class=\"column-3\"><center>90\u20ac\/pers<\/td>\n<\/tr>\n<tr class=\"row-4\">\n\t<td class=\"column-1\">3h<\/td><td class=\"column-2\"><center>180\u20ac<\/td><td class=\"column-3\"><center>120\u20ac\/pers<\/td>\n<\/tr>\n<tr class=\"row-5\">\n\t<td class=\"column-1\">1\/2 Journ\u00e9e (4h00)<\/td><td class=\"column-2\"><center>190\u20ac<\/td><td class=\"column-3\"><center>130\u20ac\/pers<\/td>\n<\/tr>\n<tr class=\"row-6\">\n\t<td class=\"column-1\">Journ\u00e9e (7h00)<\/td><td class=\"column-2\"><center>320\u20ac<\/td><td class=\"column-3\"><center>210\u20ac\/pers<\/td>\n<\/tr>\n<\/tbody>\n<\/table>\n<!-- #tablepress-1 from cache --><\/div>\n\t\t\t\t\t\t<\/div>\n\t\t\t\t<\/div>\n\t\t\t\t\t<\/div>\n\t\t\t\t<\/div>\n\t\t<div class=\"elementor-element elementor-element-5f0dc21 e-flex e-con-boxed wpr-particle-no wpr-jarallax-no wpr-parallax-no wpr-sticky-section-no wpr-equal-height-no e-con e-parent\" data-id=\"5f0dc21\" data-element_type=\"container\" data-e-type=\"container\" data-settings=\"{&quot;_ha_eqh_enable&quot;:false}\">\n\t\t\t\t\t<div class=\"e-con-inner\">\n\t\t\t\t<div class=\"elementor-element elementor-element-9544cb5 elementor-widget elementor-widget-text-editor\" data-id=\"9544cb5\" data-element_type=\"widget\" data-e-type=\"widget\" data-widget_type=\"text-editor.default\">\n\t\t\t\t<div class=\"elementor-widget-container\">\n\t\t\t\t\t\t\t\t\t<ul><li>Institutions, associations, entreprises, centres \u00e9questres : nous consulter pour devis<\/li><li><strong>Pour garantir une bonne organisation, toute s\u00e9ance non d\u00e9command\u00e9e 24h \u00e0 l\u2019avance sera due.<\/strong><\/li><\/ul>\t\t\t\t\t\t\t\t<\/div>\n\t\t\t\t<\/div>\n\t\t\t\t\t<\/div>\n\t\t\t\t<\/div>\n\t\t<div class=\"elementor-element elementor-element-113d814 e-flex e-con-boxed wpr-particle-no wpr-jarallax-no wpr-parallax-no wpr-sticky-section-no wpr-equal-height-no e-con e-parent\" data-id=\"113d814\" data-element_type=\"container\" data-e-type=\"container\" data-settings=\"{&quot;_ha_eqh_enable&quot;:false}\">\n\t\t\t\t\t<div class=\"e-con-inner\">\n\t\t\t\t<div class=\"elementor-element elementor-element-5083044 elementor-widget-divider--view-line elementor-widget elementor-widget-divider\" data-id=\"5083044\" data-element_type=\"widget\" data-e-type=\"widget\" data-widget_type=\"divider.default\">\n\t\t\t\t<div class=\"elementor-widget-container\">\n\t\t\t\t\t\t\t<div class=\"elementor-divider\">\n\t\t\t<span class=\"elementor-divider-separator\">\n\t\t\t\t\t\t<\/span>\n\t\t<\/div>\n\t\t\t\t\t\t<\/div>\n\t\t\t\t<\/div>\n\t\t\t\t<div class=\"elementor-element elementor-element-3fb316f elementor-widget elementor-widget-heading\" data-id=\"3fb316f\" data-element_type=\"widget\" data-e-type=\"widget\" data-widget_type=\"heading.default\">\n\t\t\t\t<div class=\"elementor-widget-container\">\n\t\t\t\t\t<h2 class=\"elementor-heading-title elementor-size-default\">Tarifs \u00e0 domicile<\/h2>\t\t\t\t<\/div>\n\t\t\t\t<\/div>\n\t\t\t\t\t<\/div>\n\t\t\t\t<\/div>\n\t\t<div class=\"elementor-element elementor-element-e514de6 e-flex e-con-boxed wpr-particle-no wpr-jarallax-no wpr-parallax-no wpr-sticky-section-no wpr-equal-height-no e-con e-parent\" data-id=\"e514de6\" data-element_type=\"container\" data-e-type=\"container\" data-settings=\"{&quot;_ha_eqh_enable&quot;:false}\">\n\t\t\t\t\t<div class=\"e-con-inner\">\n\t\t\t\t<div class=\"elementor-element elementor-element-2508710 elementor-widget elementor-widget-shortcode\" data-id=\"2508710\" data-element_type=\"widget\" data-e-type=\"widget\" data-widget_type=\"shortcode.default\">\n\t\t\t\t<div class=\"elementor-widget-container\">\n\t\t\t\t\t\t\t<div class=\"elementor-shortcode\">\n<table id=\"tablepress-2\" class=\"tablepress tablepress-id-2\">\n<thead>\n<tr class=\"row-1\">\n\t<th class=\"column-1\">Dur\u00e9e<\/th><th class=\"column-2\"><center>S\u00e9ances individuelles<\/th><th class=\"column-3\"><center>S\u00e9ances partag\u00e9es 2 personnes<\/th>\n<\/tr>\n<\/thead>\n<tbody class=\"row-striping row-hover\">\n<tr class=\"row-2\">\n\t<td class=\"column-1\">1h30<\/td><td class=\"column-2\"><center>150\u20ac<\/td><td class=\"column-3\"><center>\u2013<\/td>\n<\/tr>\n<tr class=\"row-3\">\n\t<td class=\"column-1\">2h<\/td><td class=\"column-2\"><center>180\u20ac<\/td><td class=\"column-3\"><center>100\u20ac\/pers<\/td>\n<\/tr>\n<tr class=\"row-4\">\n\t<td class=\"column-1\">3h<\/td><td class=\"column-2\"><center>220\u20ac<\/td><td class=\"column-3\"><center>140\u20ac\/pers<\/td>\n<\/tr>\n<tr class=\"row-5\">\n\t<td class=\"column-1\">1\/2 Journ\u00e9e (4h00)<\/td><td class=\"column-2\"><center>290\u20ac<\/td><td class=\"column-3\"><center>160\u20ac\/pers<\/td>\n<\/tr>\n<tr class=\"row-6\">\n\t<td class=\"column-1\">Journ\u00e9e (7h00)<\/td><td class=\"column-2\"><center>420\u20ac<\/td><td class=\"column-3\"><center>220\u20ac\/pers<\/td>\n<\/tr>\n<\/tbody>\n<\/table>\n<!-- #tablepress-2 from cache --><\/div>\n\t\t\t\t\t\t<\/div>\n\t\t\t\t<\/div>\n\t\t\t\t\t<\/div>\n\t\t\t\t<\/div>\n\t\t<div class=\"elementor-element elementor-element-6298f4d e-flex e-con-boxed wpr-particle-no wpr-jarallax-no wpr-parallax-no wpr-sticky-section-no wpr-equal-height-no e-con e-parent\" data-id=\"6298f4d\" data-element_type=\"container\" data-e-type=\"container\" data-settings=\"{&quot;_ha_eqh_enable&quot;:false}\">\n\t\t\t\t\t<div class=\"e-con-inner\">\n\t\t\t\t<div class=\"elementor-element elementor-element-7c74134 elementor-widget elementor-widget-text-editor\" data-id=\"7c74134\" data-element_type=\"widget\" data-e-type=\"widget\" data-widget_type=\"text-editor.default\">\n\t\t\t\t<div class=\"elementor-widget-container\">\n\t\t\t\t\t\t\t\t\t<ul><li><em>Possibilit\u00e9 de paiements \u00e9chelonn\u00e9s : nous consulter.<\/em><\/li><li>Ces tarifs s\u2019entendent hors d\u00e9placement (celui-ci est offert en dessous de 50 kms A\/R, sur devis au-del\u00e0)<\/li><li>Un devis personnalis\u00e9 vous sera adress\u00e9 pour une demande de stage de plusieurs jours cons\u00e9cutifs ou pour des s\u00e9ances r\u00e9guli\u00e8res<\/li><li>Entreprises : nous consulter pour devis.<\/li><li>Centres Equestres\u00a0: nous consulter pour devis.<\/li><li><strong>Pour garantir une bonne organisation, toute s\u00e9ance non d\u00e9command\u00e9e 24h \u00e0 l\u2019avance sera due.<\/strong><\/li><\/ul>\t\t\t\t\t\t\t\t<\/div>\n\t\t\t\t<\/div>\n\t\t\t\t\t<\/div>\n\t\t\t\t<\/div>\n\t\t<div class=\"elementor-element elementor-element-017c408 e-flex e-con-boxed wpr-particle-no wpr-jarallax-no wpr-parallax-no wpr-sticky-section-no wpr-equal-height-no e-con e-parent\" data-id=\"017c408\" data-element_type=\"container\" data-e-type=\"container\" data-settings=\"{&quot;_ha_eqh_enable&quot;:false}\">\n\t\t\t\t\t<div class=\"e-con-inner\">\n\t\t\t\t<div class=\"elementor-element elementor-element-73e9b03 elementor-widget elementor-widget-spacer\" data-id=\"73e9b03\" data-element_type=\"widget\" data-e-type=\"widget\" data-widget_type=\"spacer.default\">\n\t\t\t\t<div class=\"elementor-widget-container\">\n\t\t\t\t\t\t\t<div class=\"elementor-spacer\">\n\t\t\t<div class=\"elementor-spacer-inner\"><\/div>\n\t\t<\/div>\n\t\t\t\t\t\t<\/div>\n\t\t\t\t<\/div>\n\t\t\t\t\t<\/div>\n\t\t\t\t<\/div>\n\t\t\t\t<\/div>\n\t\t","protected":false},"excerpt":{"rendered":"<p>Tarifs et services Tarifs formation en Equicoaching * 6 modules : nous contacter pour plus de d&rsquo;informations. Entreprises : nous consulter pour devis. Centres Equestres\u00a0: nous consulter pour devis. Pour garantir une bonne organisation, toute s\u00e9ance non d\u00e9command\u00e9e 24h \u00e0 l\u2019avance sera due. Tarifs sur place Institutions, associations, entreprises, centres \u00e9questres : nous consulter pour devis Pour garantir une bonne organisation, toute s\u00e9ance non d\u00e9command\u00e9e 24h \u00e0 l\u2019avance sera due. Tarifs \u00e0 domicile Possibilit\u00e9 de paiements \u00e9chelonn\u00e9s : nous consulter. Ces tarifs s\u2019entendent hors d\u00e9placement (celui-ci est offert en dessous de 50 kms A\/R, sur devis au-del\u00e0) Un devis personnalis\u00e9 vous sera adress\u00e9 pour une demande de stage de plusieurs jours cons\u00e9cutifs ou pour des s\u00e9ances r\u00e9guli\u00e8res Entreprises : nous consulter pour devis. Centres Equestres\u00a0: nous consulter pour devis. Pour garantir une bonne organisation, toute s\u00e9ance non d\u00e9command\u00e9e 24h \u00e0 l\u2019avance sera due.<\/p>\n","protected":false},"author":1,"featured_media":0,"parent":0,"menu_order":0,"comment_status":"closed","ping_status":"closed","template":"page-templates\/template-pagebuilder-full-width.php","meta":{"neve_meta_sidebar":"","neve_meta_container":"","neve_meta_enable_content_width":"","neve_meta_content_width":0,"neve_meta_title_alignment":"","neve_meta_author_avatar":"","neve_post_elements_order":"","neve_meta_disable_header":"","neve_meta_disable_footer":"","neve_meta_disable_title":"","iawp_total_views":113,"footnotes":""},"class_list":["post-158","page","type-page","status-publish","hentry"],"rttpg_featured_image_url":null,"rttpg_author":{"display_name":"admin5290","author_link":"https:\/\/claudelheureux.com\/author\/admin5290\/"},"rttpg_comment":0,"rttpg_category":null,"rttpg_excerpt":"Tarifs et services Tarifs formation en Equicoaching * 6 modules : nous contacter pour plus de d&rsquo;informations. Entreprises : nous consulter pour devis. Centres Equestres\u00a0: nous consulter pour devis. Pour garantir une bonne organisation, toute s\u00e9ance non d\u00e9command\u00e9e 24h \u00e0 l\u2019avance sera due. Tarifs sur place Institutions, associations, entreprises, centres \u00e9questres : nous consulter pour\u2026","_links":{"self":[{"href":"https:\/\/claudelheureux.com\/index.php\/wp-json\/wp\/v2\/pages\/158","targetHints":{"allow":["GET"]}}],"collection":[{"href":"https:\/\/claudelheureux.com\/index.php\/wp-json\/wp\/v2\/pages"}],"about":[{"href":"https:\/\/claudelheureux.com\/index.php\/wp-json\/wp\/v2\/types\/page"}],"author":[{"embeddable":true,"href":"https:\/\/claudelheureux.com\/index.php\/wp-json\/wp\/v2\/users\/1"}],"replies":[{"embeddable":true,"href":"https:\/\/claudelheureux.com\/index.php\/wp-json\/wp\/v2\/comments?post=158"}],"version-history":[{"count":2,"href":"https:\/\/claudelheureux.com\/index.php\/wp-json\/wp\/v2\/pages\/158\/revisions"}],"predecessor-version":[{"id":2109,"href":"https:\/\/claudelheureux.com\/index.php\/wp-json\/wp\/v2\/pages\/158\/revisions\/2109"}],"wp:attachment":[{"href":"https:\/\/claudelheureux.com\/index.php\/wp-json\/wp\/v2\/media?parent=158"}],"curies":[{"name":"wp","href":"https:\/\/api.w.org\/{rel}","templated":true}]}}