{"id":43,"date":"2024-03-11T14:22:21","date_gmt":"2024-03-11T13:22:21","guid":{"rendered":"http:\/\/dansear.cluster030.hosting.ovh.net\/?page_id=43"},"modified":"2025-04-17T10:03:36","modified_gmt":"2025-04-17T08:03:36","slug":"communication-intuitive","status":"publish","type":"page","link":"https:\/\/claudelheureux.com\/index.php\/communication-intuitive\/","title":{"rendered":"Communication Intuitive"},"content":{"rendered":"\t\t<div data-elementor-type=\"wp-page\" data-elementor-id=\"43\" class=\"elementor elementor-43\" data-elementor-settings=\"{&quot;ha_cmc_init_switcher&quot;:&quot;no&quot;}\">\n\t\t\t\t<div class=\"elementor-element elementor-element-c5c3438 e-con-full e-flex wpr-particle-no wpr-jarallax-no wpr-parallax-no wpr-sticky-section-no wpr-equal-height-no e-con e-parent\" data-id=\"c5c3438\" data-element_type=\"container\" data-e-type=\"container\" data-settings=\"{&quot;background_background&quot;:&quot;classic&quot;,&quot;_ha_eqh_enable&quot;:false}\">\n\t\t\t\t<\/div>\n\t\t<div class=\"elementor-element elementor-element-2ac2851 e-flex e-con-boxed wpr-particle-no wpr-jarallax-no wpr-parallax-no wpr-sticky-section-no wpr-equal-height-no e-con e-parent\" data-id=\"2ac2851\" data-element_type=\"container\" data-e-type=\"container\" data-settings=\"{&quot;_ha_eqh_enable&quot;:false}\">\n\t\t\t\t\t<div class=\"e-con-inner\">\n\t\t\t\t<div class=\"elementor-element elementor-element-dba246b elementor-widget elementor-widget-heading\" data-id=\"dba246b\" data-element_type=\"widget\" data-e-type=\"widget\" data-widget_type=\"heading.default\">\n\t\t\t\t<div class=\"elementor-widget-container\">\n\t\t\t\t\t<h2 class=\"elementor-heading-title elementor-size-default\">La communication intuitive<\/h2>\t\t\t\t<\/div>\n\t\t\t\t<\/div>\n\t\t\t\t<div class=\"elementor-element elementor-element-c052865 elementor-widget-divider--view-line elementor-widget elementor-widget-divider\" data-id=\"c052865\" data-element_type=\"widget\" data-e-type=\"widget\" data-widget_type=\"divider.default\">\n\t\t\t\t<div class=\"elementor-widget-container\">\n\t\t\t\t\t\t\t<div class=\"elementor-divider\">\n\t\t\t<span class=\"elementor-divider-separator\">\n\t\t\t\t\t\t<\/span>\n\t\t<\/div>\n\t\t\t\t\t\t<\/div>\n\t\t\t\t<\/div>\n\t\t\t\t\t<\/div>\n\t\t\t\t<\/div>\n\t\t<div class=\"elementor-element elementor-element-469d4b8 e-flex e-con-boxed wpr-particle-no wpr-jarallax-no wpr-parallax-no wpr-sticky-section-no wpr-equal-height-no e-con e-parent\" data-id=\"469d4b8\" data-element_type=\"container\" data-e-type=\"container\" data-settings=\"{&quot;_ha_eqh_enable&quot;:false}\">\n\t\t\t\t\t<div class=\"e-con-inner\">\n\t\t\t\t<div class=\"elementor-element elementor-element-79e09a4 elementor-widget elementor-widget-text-editor\" data-id=\"79e09a4\" data-element_type=\"widget\" data-e-type=\"widget\" data-widget_type=\"text-editor.default\">\n\t\t\t\t<div class=\"elementor-widget-container\">\n\t\t\t\t\t\t\t\t\t<p>La communication intuitive est une\u00a0<b>capacit\u00e9 naturelle qu&rsquo;il y a en chacun de nous<\/b>.<br \/><b>C&rsquo;est un outil\u00a0<\/b>qui permet \u00e0 toutes personnes d&rsquo;actualiser son potentiel avec pour but d&rsquo;\u00eatre de vrais partenaires avec les animaux.<br \/>Nous avons tous la possibilit\u00e9 de communiquer avec nos animaux et ils ont la capacit\u00e9 de nous montrer qui nous sommes.<\/p><h4>Et qui sait, peut-\u00eatre que notre survie en d\u00e9pend !<\/h4><p>Les s\u00e9ances individuelles avec votre animal que je propose servent \u00e0 r\u00e9tablir la communication entre les humains et les animaux. Elles contribuent \u00e0 une meilleure compr\u00e9hension du r\u00e8gne animal et de ses besoins. Cela vous am\u00e8nera \u00e0 la r\u00e9solution de comportements inad\u00e9quats, et \u00e0 une meilleure relation avec lui.<\/p>\t\t\t\t\t\t\t\t<\/div>\n\t\t\t\t<\/div>\n\t\t\t\t\t<\/div>\n\t\t\t\t<\/div>\n\t\t<div class=\"elementor-element elementor-element-1938cef e-flex e-con-boxed wpr-particle-no wpr-jarallax-no wpr-parallax-no wpr-sticky-section-no wpr-equal-height-no e-con e-parent\" data-id=\"1938cef\" data-element_type=\"container\" data-e-type=\"container\" data-settings=\"{&quot;_ha_eqh_enable&quot;:false}\">\n\t\t\t\t\t<div class=\"e-con-inner\">\n\t\t\t\t<div class=\"elementor-element elementor-element-7d8d41e elementor-arrows-position-inside elementor-pagination-position-outside elementor-widget elementor-widget-image-carousel\" data-id=\"7d8d41e\" data-element_type=\"widget\" data-e-type=\"widget\" data-settings=\"{&quot;slides_to_show&quot;:&quot;1&quot;,&quot;navigation&quot;:&quot;both&quot;,&quot;autoplay&quot;:&quot;yes&quot;,&quot;pause_on_hover&quot;:&quot;yes&quot;,&quot;pause_on_interaction&quot;:&quot;yes&quot;,&quot;autoplay_speed&quot;:5000,&quot;infinite&quot;:&quot;yes&quot;,&quot;effect&quot;:&quot;slide&quot;,&quot;speed&quot;:500}\" data-widget_type=\"image-carousel.default\">\n\t\t\t\t<div class=\"elementor-widget-container\">\n\t\t\t\t\t\t\t<div class=\"elementor-image-carousel-wrapper swiper\" role=\"region\" aria-roledescription=\"carousel\" aria-label=\"Carrousel d\u2019images\" dir=\"ltr\">\n\t\t\t<div class=\"elementor-image-carousel swiper-wrapper\" aria-live=\"off\">\n\t\t\t\t\t\t\t\t<div class=\"swiper-slide\" role=\"group\" aria-roledescription=\"slide\" aria-label=\"1 sur 5\"><figure class=\"swiper-slide-inner\"><img decoding=\"async\" class=\"swiper-slide-image\" src=\"https:\/\/claudelheureux.com\/wp-content\/uploads\/2024\/03\/MG_4566-768x512.jpg\" alt=\"_MG_4566\" \/><\/figure><\/div><div class=\"swiper-slide\" role=\"group\" aria-roledescription=\"slide\" aria-label=\"2 sur 5\"><figure class=\"swiper-slide-inner\"><img decoding=\"async\" class=\"swiper-slide-image\" src=\"https:\/\/claudelheureux.com\/wp-content\/uploads\/2024\/03\/slide03-communication-768x504.jpg\" alt=\"slide03-communication\" \/><\/figure><\/div><div class=\"swiper-slide\" role=\"group\" aria-roledescription=\"slide\" aria-label=\"3 sur 5\"><figure class=\"swiper-slide-inner\"><img decoding=\"async\" class=\"swiper-slide-image\" src=\"https:\/\/claudelheureux.com\/wp-content\/uploads\/2024\/03\/MG_4487-768x512.jpg\" alt=\"_MG_4487\" \/><\/figure><\/div><div class=\"swiper-slide\" role=\"group\" aria-roledescription=\"slide\" aria-label=\"4 sur 5\"><figure class=\"swiper-slide-inner\"><img decoding=\"async\" class=\"swiper-slide-image\" src=\"https:\/\/claudelheureux.com\/wp-content\/uploads\/2024\/03\/MG_4511-768x512.jpg\" alt=\"_MG_4511\" \/><\/figure><\/div><div class=\"swiper-slide\" role=\"group\" aria-roledescription=\"slide\" aria-label=\"5 sur 5\"><figure class=\"swiper-slide-inner\"><img decoding=\"async\" class=\"swiper-slide-image\" src=\"https:\/\/claudelheureux.com\/wp-content\/uploads\/2024\/03\/MG_4563-768x512.jpg\" alt=\"_MG_4563\" \/><\/figure><\/div>\t\t\t<\/div>\n\t\t\t\t\t\t\t\t\t\t\t\t<div class=\"elementor-swiper-button elementor-swiper-button-prev\" role=\"button\" tabindex=\"0\">\n\t\t\t\t\t\t<svg aria-hidden=\"true\" class=\"e-font-icon-svg e-eicon-chevron-left\" viewBox=\"0 0 1000 1000\" xmlns=\"http:\/\/www.w3.org\/2000\/svg\"><path d=\"M646 125C629 125 613 133 604 142L308 442C296 454 292 471 292 487 292 504 296 521 308 533L604 854C617 867 629 875 646 875 663 875 679 871 692 858 704 846 713 829 713 812 713 796 708 779 692 767L438 487 692 225C700 217 708 204 708 187 708 171 704 154 692 142 675 129 663 125 646 125Z\"><\/path><\/svg>\t\t\t\t\t<\/div>\n\t\t\t\t\t<div class=\"elementor-swiper-button elementor-swiper-button-next\" role=\"button\" tabindex=\"0\">\n\t\t\t\t\t\t<svg aria-hidden=\"true\" class=\"e-font-icon-svg e-eicon-chevron-right\" viewBox=\"0 0 1000 1000\" xmlns=\"http:\/\/www.w3.org\/2000\/svg\"><path d=\"M696 533C708 521 713 504 713 487 713 471 708 454 696 446L400 146C388 133 375 125 354 125 338 125 325 129 313 142 300 154 292 171 292 187 292 204 296 221 308 233L563 492 304 771C292 783 288 800 288 817 288 833 296 850 308 863 321 871 338 875 354 875 371 875 388 867 400 854L696 533Z\"><\/path><\/svg>\t\t\t\t\t<\/div>\n\t\t\t\t\n\t\t\t\t\t\t\t\t\t<div class=\"swiper-pagination\"><\/div>\n\t\t\t\t\t\t\t\t\t<\/div>\n\t\t\t\t\t\t<\/div>\n\t\t\t\t<\/div>\n\t\t\t\t\t<\/div>\n\t\t\t\t<\/div>\n\t\t<div class=\"elementor-element elementor-element-22e520b e-flex e-con-boxed wpr-particle-no wpr-jarallax-no wpr-parallax-no wpr-sticky-section-no wpr-equal-height-no e-con e-parent\" data-id=\"22e520b\" data-element_type=\"container\" data-e-type=\"container\" data-settings=\"{&quot;_ha_eqh_enable&quot;:false}\">\n\t\t\t\t\t<div class=\"e-con-inner\">\n\t\t\t\t<div class=\"elementor-element elementor-element-96437b3 elementor-widget elementor-widget-heading\" data-id=\"96437b3\" data-element_type=\"widget\" data-e-type=\"widget\" data-widget_type=\"heading.default\">\n\t\t\t\t<div class=\"elementor-widget-container\">\n\t\t\t\t\t<h2 class=\"elementor-heading-title elementor-size-default\">L'intuition<\/h2>\t\t\t\t<\/div>\n\t\t\t\t<\/div>\n\t\t\t\t<div class=\"elementor-element elementor-element-34e8490 elementor-widget-divider--view-line elementor-widget elementor-widget-divider\" data-id=\"34e8490\" data-element_type=\"widget\" data-e-type=\"widget\" data-widget_type=\"divider.default\">\n\t\t\t\t<div class=\"elementor-widget-container\">\n\t\t\t\t\t\t\t<div class=\"elementor-divider\">\n\t\t\t<span class=\"elementor-divider-separator\">\n\t\t\t\t\t\t<\/span>\n\t\t<\/div>\n\t\t\t\t\t\t<\/div>\n\t\t\t\t<\/div>\n\t\t\t\t\t<\/div>\n\t\t\t\t<\/div>\n\t\t<div class=\"elementor-element elementor-element-20135e7 e-flex e-con-boxed wpr-particle-no wpr-jarallax-no wpr-parallax-no wpr-sticky-section-no wpr-equal-height-no e-con e-parent\" data-id=\"20135e7\" data-element_type=\"container\" data-e-type=\"container\" data-settings=\"{&quot;_ha_eqh_enable&quot;:false}\">\n\t\t\t\t\t<div class=\"e-con-inner\">\n\t\t<div class=\"elementor-element elementor-element-8081011 e-con-full e-flex wpr-particle-no wpr-jarallax-no wpr-parallax-no wpr-sticky-section-no wpr-equal-height-no e-con e-child\" data-id=\"8081011\" data-element_type=\"container\" data-e-type=\"container\" data-settings=\"{&quot;_ha_eqh_enable&quot;:false}\">\n\t\t\t\t<div class=\"elementor-element elementor-element-2ccdbed elementor-widget elementor-widget-text-editor\" data-id=\"2ccdbed\" data-element_type=\"widget\" data-e-type=\"widget\" data-widget_type=\"text-editor.default\">\n\t\t\t\t<div class=\"elementor-widget-container\">\n\t\t\t\t\t\t\t\t\t<p>L\u2019intuition est difficile \u00e0 d\u00e9finir, en d\u00e9pit du r\u00f4le primordial qu\u2019elle joue dans la vie de tous les jours.<br \/>Steve Jobs, pour ne citer que lui, disait que l\u2019intuition est \u00ab\u00a0plus puissante que l\u2019intellect.\u00a0\u00bb<br \/>Mais quel que soit la fa\u00e7on dont on la d\u00e9finit, nous savons tous, intuitivement, ce que c\u2019est.<\/p>\t\t\t\t\t\t\t\t<\/div>\n\t\t\t\t<\/div>\n\t\t\t\t<\/div>\n\t\t<div class=\"elementor-element elementor-element-3d6fad3 e-con-full e-flex wpr-particle-no wpr-jarallax-no wpr-parallax-no wpr-sticky-section-no wpr-equal-height-no e-con e-child\" data-id=\"3d6fad3\" data-element_type=\"container\" data-e-type=\"container\" data-settings=\"{&quot;_ha_eqh_enable&quot;:false}\">\n\t\t\t\t<div class=\"elementor-element elementor-element-9c89e73 elementor-widget elementor-widget-text-editor\" data-id=\"9c89e73\" data-element_type=\"widget\" data-e-type=\"widget\" data-widget_type=\"text-editor.default\">\n\t\t\t\t<div class=\"elementor-widget-container\">\n\t\t\t\t\t\t\t\t\t<p>La communication intuitive est en chacun de nous.<br \/>Communiquer avec les animaux c\u2019est possible, et en m\u00eame temps comment vous expliquer ce qui semble Abstrait \u00e0 nos yeux ?<br \/>Simplement accueillir que tout \u00eatre vivant est en capacit\u00e9 de recevoir des informations sans savoir d\u2019o\u00f9 elles viennent.<\/p>\t\t\t\t\t\t\t\t<\/div>\n\t\t\t\t<\/div>\n\t\t\t\t<\/div>\n\t\t\t\t\t<\/div>\n\t\t\t\t<\/div>\n\t\t\t\t<\/div>\n\t\t","protected":false},"excerpt":{"rendered":"<p>La communication intuitive La communication intuitive est une\u00a0capacit\u00e9 naturelle qu&rsquo;il y a en chacun de nous.C&rsquo;est un outil\u00a0qui permet \u00e0 toutes personnes d&rsquo;actualiser son potentiel avec pour but d&rsquo;\u00eatre de vrais partenaires avec les animaux.Nous avons tous la possibilit\u00e9 de communiquer avec nos animaux et ils ont la capacit\u00e9 de nous montrer qui nous sommes. Et qui sait, peut-\u00eatre que notre survie en d\u00e9pend ! Les s\u00e9ances individuelles avec votre animal que je propose servent \u00e0 r\u00e9tablir la communication entre les humains et les animaux. Elles contribuent \u00e0 une meilleure compr\u00e9hension du r\u00e8gne animal et de ses besoins. Cela vous am\u00e8nera \u00e0 la r\u00e9solution de comportements inad\u00e9quats, et \u00e0 une meilleure relation avec lui. L&rsquo;intuition L\u2019intuition est difficile \u00e0 d\u00e9finir, en d\u00e9pit du r\u00f4le primordial qu\u2019elle joue dans la vie de tous les jours.Steve Jobs, pour ne citer que lui, disait que l\u2019intuition est \u00ab\u00a0plus puissante que l\u2019intellect.\u00a0\u00bbMais quel que soit la fa\u00e7on dont on la d\u00e9finit, nous savons tous, intuitivement, ce que c\u2019est. La communication intuitive est en chacun de nous.Communiquer avec les animaux c\u2019est possible, et en m\u00eame temps comment vous expliquer ce qui semble Abstrait \u00e0 nos yeux ?Simplement accueillir que tout \u00eatre vivant est en capacit\u00e9 de recevoir des informations sans savoir d\u2019o\u00f9 elles viennent.<\/p>\n","protected":false},"author":1,"featured_media":0,"parent":0,"menu_order":0,"comment_status":"closed","ping_status":"closed","template":"page-templates\/template-pagebuilder-full-width.php","meta":{"neve_meta_sidebar":"","neve_meta_container":"","neve_meta_enable_content_width":"","neve_meta_content_width":0,"neve_meta_title_alignment":"","neve_meta_author_avatar":"","neve_post_elements_order":"","neve_meta_disable_header":"","neve_meta_disable_footer":"","neve_meta_disable_title":"","iawp_total_views":49,"footnotes":""},"class_list":["post-43","page","type-page","status-publish","hentry"],"rttpg_featured_image_url":null,"rttpg_author":{"display_name":"admin5290","author_link":"https:\/\/claudelheureux.com\/author\/admin5290\/"},"rttpg_comment":0,"rttpg_category":null,"rttpg_excerpt":"La communication intuitive La communication intuitive est une\u00a0capacit\u00e9 naturelle qu&rsquo;il y a en chacun de nous.C&rsquo;est un outil\u00a0qui permet \u00e0 toutes personnes d&rsquo;actualiser son potentiel avec pour but d&rsquo;\u00eatre de vrais partenaires avec les animaux.Nous avons tous la possibilit\u00e9 de communiquer avec nos animaux et ils ont la capacit\u00e9 de nous montrer qui nous sommes.\u2026","_links":{"self":[{"href":"https:\/\/claudelheureux.com\/index.php\/wp-json\/wp\/v2\/pages\/43","targetHints":{"allow":["GET"]}}],"collection":[{"href":"https:\/\/claudelheureux.com\/index.php\/wp-json\/wp\/v2\/pages"}],"about":[{"href":"https:\/\/claudelheureux.com\/index.php\/wp-json\/wp\/v2\/types\/page"}],"author":[{"embeddable":true,"href":"https:\/\/claudelheureux.com\/index.php\/wp-json\/wp\/v2\/users\/1"}],"replies":[{"embeddable":true,"href":"https:\/\/claudelheureux.com\/index.php\/wp-json\/wp\/v2\/comments?post=43"}],"version-history":[{"count":2,"href":"https:\/\/claudelheureux.com\/index.php\/wp-json\/wp\/v2\/pages\/43\/revisions"}],"predecessor-version":[{"id":1831,"href":"https:\/\/claudelheureux.com\/index.php\/wp-json\/wp\/v2\/pages\/43\/revisions\/1831"}],"wp:attachment":[{"href":"https:\/\/claudelheureux.com\/index.php\/wp-json\/wp\/v2\/media?parent=43"}],"curies":[{"name":"wp","href":"https:\/\/api.w.org\/{rel}","templated":true}]}}