{"id":46,"date":"2024-03-11T14:32:52","date_gmt":"2024-03-11T13:32:52","guid":{"rendered":"http:\/\/dansear.cluster030.hosting.ovh.net\/?page_id=46"},"modified":"2025-04-17T09:56:31","modified_gmt":"2025-04-17T07:56:31","slug":"agenda","status":"publish","type":"page","link":"https:\/\/claudelheureux.com\/index.php\/agenda\/","title":{"rendered":"Agenda"},"content":{"rendered":"\t\t<div data-elementor-type=\"wp-page\" data-elementor-id=\"46\" class=\"elementor elementor-46\" data-elementor-settings=\"{&quot;ha_cmc_init_switcher&quot;:&quot;no&quot;}\">\n\t\t\t\t<div class=\"elementor-element elementor-element-59f6705 e-flex e-con-boxed wpr-particle-no wpr-jarallax-no wpr-parallax-no wpr-sticky-section-no wpr-equal-height-no e-con e-parent\" data-id=\"59f6705\" data-element_type=\"container\" data-e-type=\"container\" data-settings=\"{&quot;_ha_eqh_enable&quot;:false}\">\n\t\t\t\t\t<div class=\"e-con-inner\">\n\t\t\t\t<div class=\"elementor-element elementor-element-2558f67 elementor-widget elementor-widget-spacer\" data-id=\"2558f67\" data-element_type=\"widget\" data-e-type=\"widget\" data-widget_type=\"spacer.default\">\n\t\t\t\t<div class=\"elementor-widget-container\">\n\t\t\t\t\t\t\t<div class=\"elementor-spacer\">\n\t\t\t<div class=\"elementor-spacer-inner\"><\/div>\n\t\t<\/div>\n\t\t\t\t\t\t<\/div>\n\t\t\t\t<\/div>\n\t\t\t\t\t<\/div>\n\t\t\t\t<\/div>\n\t\t<div class=\"elementor-element elementor-element-b44e480 e-flex e-con-boxed wpr-particle-no wpr-jarallax-no wpr-parallax-no wpr-sticky-section-no wpr-equal-height-no e-con e-parent\" data-id=\"b44e480\" data-element_type=\"container\" data-e-type=\"container\" data-settings=\"{&quot;_ha_eqh_enable&quot;:false}\">\n\t\t\t\t\t<div class=\"e-con-inner\">\n\t\t\t\t<div class=\"elementor-element elementor-element-a1ed3ad elementor-widget elementor-widget-text-editor\" data-id=\"a1ed3ad\" data-element_type=\"widget\" data-e-type=\"widget\" data-widget_type=\"text-editor.default\">\n\t\t\t\t<div class=\"elementor-widget-container\">\n\t\t\t\t\t\t\t\t\t<p><strong>Il est maintenant reconnu &#8211; et scientifiquement prouv\u00e9 &#8211; que les chevaux sont des experts en Intelligence Emotionnelle, et, \u00e0 ce titre, ils peuvent nous enseigner beaucoup au sujet des \u00e9motions<\/strong>.<\/p>\t\t\t\t\t\t\t\t<\/div>\n\t\t\t\t<\/div>\n\t\t\t\t\t<\/div>\n\t\t\t\t<\/div>\n\t\t<div class=\"elementor-element elementor-element-5ea5815 e-flex e-con-boxed wpr-particle-no wpr-jarallax-no wpr-parallax-no wpr-sticky-section-no wpr-equal-height-no e-con e-parent\" data-id=\"5ea5815\" data-element_type=\"container\" data-e-type=\"container\" data-settings=\"{&quot;_ha_eqh_enable&quot;:false}\">\n\t\t\t\t\t<div class=\"e-con-inner\">\n\t\t\t\t<div class=\"elementor-element elementor-element-4a03fe8 elementor-widget elementor-widget-text-editor\" data-id=\"4a03fe8\" data-element_type=\"widget\" data-e-type=\"widget\" data-widget_type=\"text-editor.default\">\n\t\t\t\t<div class=\"elementor-widget-container\">\n\t\t\t\t\t\t\t\t\t<p>Travailler avec des chevaux favorise la prise de conscience de nos propres \u00e9motions, notamment \u00e0 travers le ressenti corporel et aide \u00e0 les r\u00e9guler de mani\u00e8re plus efficace.La pr\u00e9sence apaisante des chevaux, combin\u00e9e \u00e0 leur capacit\u00e9 \u00e0 rester ancr\u00e9s dans le moment pr\u00e9sent, permet de se sentir plus en harmonie avec soi-m\u00eame et avec les autres&#8230;En fin de compte, les chevaux nous montrent que la gestion des \u00e9motions ne consiste pas \u00e0 la suppression ou \u00e0 la n\u00e9gation de nos ressentis, mais qu&rsquo;elle consiste plut\u00f4t \u00e0 les reconnaitre, \u00e0 les comprendre et \u00e0 les exprimer de mani\u00e8re appropri\u00e9e.Ils nous rappellent \u00e9galement l&rsquo;importance de la connexion \u00e9motionnelle et de la communication non verbale dans nos relations interpersonnelles.<\/p>\t\t\t\t\t\t\t\t<\/div>\n\t\t\t\t<\/div>\n\t\t\t\t\t<\/div>\n\t\t\t\t<\/div>\n\t\t<div class=\"elementor-element elementor-element-19e08d1 e-flex e-con-boxed wpr-particle-no wpr-jarallax-no wpr-parallax-no wpr-sticky-section-no wpr-equal-height-no e-con e-parent\" data-id=\"19e08d1\" data-element_type=\"container\" data-e-type=\"container\" data-settings=\"{&quot;_ha_eqh_enable&quot;:false}\">\n\t\t\t\t\t<div class=\"e-con-inner\">\n\t\t<div class=\"elementor-element elementor-element-1708e72 e-flex e-con-boxed wpr-particle-no wpr-jarallax-no wpr-parallax-no wpr-sticky-section-no wpr-equal-height-no e-con e-child\" data-id=\"1708e72\" data-element_type=\"container\" data-e-type=\"container\" data-settings=\"{&quot;_ha_eqh_enable&quot;:false}\">\n\t\t\t\t\t<div class=\"e-con-inner\">\n\t\t\t\t<div class=\"elementor-element elementor-element-2f328b4 elementor-widget elementor-widget-heading\" data-id=\"2f328b4\" data-element_type=\"widget\" data-e-type=\"widget\" data-widget_type=\"heading.default\">\n\t\t\t\t<div class=\"elementor-widget-container\">\n\t\t\t\t\t<h2 class=\"elementor-heading-title elementor-size-default\">Formations et Stages \u00e0 venir<\/h2>\t\t\t\t<\/div>\n\t\t\t\t<\/div>\n\t\t\t\t<div class=\"elementor-element elementor-element-19eff84 elementor-widget-divider--view-line elementor-widget elementor-widget-divider\" data-id=\"19eff84\" data-element_type=\"widget\" data-e-type=\"widget\" data-widget_type=\"divider.default\">\n\t\t\t\t<div class=\"elementor-widget-container\">\n\t\t\t\t\t\t\t<div class=\"elementor-divider\">\n\t\t\t<span class=\"elementor-divider-separator\">\n\t\t\t\t\t\t<\/span>\n\t\t<\/div>\n\t\t\t\t\t\t<\/div>\n\t\t\t\t<\/div>\n\t\t\t\t\t<\/div>\n\t\t\t\t<\/div>\n\t\t\t\t\t<\/div>\n\t\t\t\t<\/div>\n\t\t<div class=\"elementor-element elementor-element-3b9ab0a e-flex e-con-boxed wpr-particle-no wpr-jarallax-no wpr-parallax-no wpr-sticky-section-no wpr-equal-height-no e-con e-parent\" data-id=\"3b9ab0a\" data-element_type=\"container\" data-e-type=\"container\" data-settings=\"{&quot;_ha_eqh_enable&quot;:false}\">\n\t\t\t\t\t<div class=\"e-con-inner\">\n\t\t\t\t<div class=\"elementor-element elementor-element-0830a73 elementor-widget elementor-widget-shortcode\" data-id=\"0830a73\" data-element_type=\"widget\" data-e-type=\"widget\" data-widget_type=\"shortcode.default\">\n\t\t\t\t<div class=\"elementor-widget-container\">\n\t\t\t\t\t\t\t<div class=\"elementor-shortcode\"><div class=\"mec-wrap mec-skin-list-container  \" id=\"mec_skin_1463\">\r\n\r\n    \r\n        <div class=\"mec-skin-list-events-container\" id=\"mec_skin_events_1463\">\r\n        Aucun \u00e9v\u00e9nement trouv\u00e9 !    <\/div>\r\n    \r\n    \r\n<\/div>\r\n\n<\/div>\n\t\t\t\t\t\t<\/div>\n\t\t\t\t<\/div>\n\t\t\t\t\t<\/div>\n\t\t\t\t<\/div>\n\t\t<div class=\"elementor-element elementor-element-6119cab e-flex e-con-boxed wpr-particle-no wpr-jarallax-no wpr-parallax-no wpr-sticky-section-no wpr-equal-height-no e-con e-parent\" data-id=\"6119cab\" data-element_type=\"container\" data-e-type=\"container\" data-settings=\"{&quot;_ha_eqh_enable&quot;:false}\">\n\t\t\t\t\t<div class=\"e-con-inner\">\n\t\t\t\t\t<\/div>\n\t\t\t\t<\/div>\n\t\t<div class=\"elementor-element elementor-element-9bb59f2 e-flex e-con-boxed wpr-particle-no wpr-jarallax-no wpr-parallax-no wpr-sticky-section-no wpr-equal-height-no e-con e-parent\" data-id=\"9bb59f2\" data-element_type=\"container\" data-e-type=\"container\" data-settings=\"{&quot;_ha_eqh_enable&quot;:false}\">\n\t\t\t\t\t<div class=\"e-con-inner\">\n\t\t\t\t<div class=\"elementor-element elementor-element-7196573 elementor-widget elementor-widget-spacer\" data-id=\"7196573\" data-element_type=\"widget\" data-e-type=\"widget\" data-widget_type=\"spacer.default\">\n\t\t\t\t<div class=\"elementor-widget-container\">\n\t\t\t\t\t\t\t<div class=\"elementor-spacer\">\n\t\t\t<div class=\"elementor-spacer-inner\"><\/div>\n\t\t<\/div>\n\t\t\t\t\t\t<\/div>\n\t\t\t\t<\/div>\n\t\t\t\t\t<\/div>\n\t\t\t\t<\/div>\n\t\t\t\t<\/div>\n\t\t","protected":false},"excerpt":{"rendered":"<p>Il est maintenant reconnu &#8211; et scientifiquement prouv\u00e9 &#8211; que les chevaux sont des experts en Intelligence Emotionnelle, et, \u00e0 ce titre, ils peuvent nous enseigner beaucoup au sujet des \u00e9motions. Travailler avec des chevaux favorise la prise de conscience de nos propres \u00e9motions, notamment \u00e0 travers le ressenti corporel et aide \u00e0 les r\u00e9guler de mani\u00e8re plus efficace.La pr\u00e9sence apaisante des chevaux, combin\u00e9e \u00e0 leur capacit\u00e9 \u00e0 rester ancr\u00e9s dans le moment pr\u00e9sent, permet de se sentir plus en harmonie avec soi-m\u00eame et avec les autres&#8230;En fin de compte, les chevaux nous montrent que la gestion des \u00e9motions ne consiste pas \u00e0 la suppression ou \u00e0 la n\u00e9gation de nos ressentis, mais qu&rsquo;elle consiste plut\u00f4t \u00e0 les reconnaitre, \u00e0 les comprendre et \u00e0 les exprimer de mani\u00e8re appropri\u00e9e.Ils nous rappellent \u00e9galement l&rsquo;importance de la connexion \u00e9motionnelle et de la communication non verbale dans nos relations interpersonnelles. Formations et Stages \u00e0 venir<\/p>\n","protected":false},"author":1,"featured_media":0,"parent":0,"menu_order":0,"comment_status":"closed","ping_status":"closed","template":"page-templates\/template-pagebuilder-full-width.php","meta":{"neve_meta_sidebar":"","neve_meta_container":"","neve_meta_enable_content_width":"","neve_meta_content_width":0,"neve_meta_title_alignment":"","neve_meta_author_avatar":"","neve_post_elements_order":"","neve_meta_disable_header":"","neve_meta_disable_footer":"","neve_meta_disable_title":"","iawp_total_views":50,"footnotes":""},"class_list":["post-46","page","type-page","status-publish","hentry"],"rttpg_featured_image_url":null,"rttpg_author":{"display_name":"admin5290","author_link":"https:\/\/claudelheureux.com\/author\/admin5290\/"},"rttpg_comment":0,"rttpg_category":null,"rttpg_excerpt":"Il est maintenant reconnu &#8211; et scientifiquement prouv\u00e9 &#8211; que les chevaux sont des experts en Intelligence Emotionnelle, et, \u00e0 ce titre, ils peuvent nous enseigner beaucoup au sujet des \u00e9motions. Travailler avec des chevaux favorise la prise de conscience de nos propres \u00e9motions, notamment \u00e0 travers le ressenti corporel et aide \u00e0 les r\u00e9guler\u2026","_links":{"self":[{"href":"https:\/\/claudelheureux.com\/index.php\/wp-json\/wp\/v2\/pages\/46","targetHints":{"allow":["GET"]}}],"collection":[{"href":"https:\/\/claudelheureux.com\/index.php\/wp-json\/wp\/v2\/pages"}],"about":[{"href":"https:\/\/claudelheureux.com\/index.php\/wp-json\/wp\/v2\/types\/page"}],"author":[{"embeddable":true,"href":"https:\/\/claudelheureux.com\/index.php\/wp-json\/wp\/v2\/users\/1"}],"replies":[{"embeddable":true,"href":"https:\/\/claudelheureux.com\/index.php\/wp-json\/wp\/v2\/comments?post=46"}],"version-history":[{"count":2,"href":"https:\/\/claudelheureux.com\/index.php\/wp-json\/wp\/v2\/pages\/46\/revisions"}],"predecessor-version":[{"id":1822,"href":"https:\/\/claudelheureux.com\/index.php\/wp-json\/wp\/v2\/pages\/46\/revisions\/1822"}],"wp:attachment":[{"href":"https:\/\/claudelheureux.com\/index.php\/wp-json\/wp\/v2\/media?parent=46"}],"curies":[{"name":"wp","href":"https:\/\/api.w.org\/{rel}","templated":true}]}}